{"id":527,"date":"2026-04-05T18:32:12","date_gmt":"2026-04-05T16:32:12","guid":{"rendered":"https:\/\/cad-cam-engineering.tn\/?post_type=product&#038;p=527"},"modified":"2026-04-05T18:32:12","modified_gmt":"2026-04-05T16:32:12","slug":"compresseur-dair","status":"publish","type":"product","link":"https:\/\/cad-cam-engineering.tn\/index.php\/produit\/compresseur-dair\/","title":{"rendered":"Compresseur d\u2019Air"},"content":{"rendered":"<h3>Le compresseur d\u2019air portable 12V professionnel :<\/h3>\n<h3>TOTAL TTAC2506 Double Piston 120PSI<\/h3>\n<p>Gonflez vos pneus et \u00e9quipements gonflables partout avec le\u00a0<strong>Compresseur d\u2019Air TOTAL TTAC2506<\/strong>.<\/p>\n<p>Double piston 30mm, 120PSI, \u00e9clairage LED int\u00e9gr\u00e9 et tuyau 5m \u2014 l\u2019outil indispensable pour les conducteurs et les activit\u00e9s en ext\u00e9rieur.<\/p>\n<h3>Pourquoi choisir le Compresseur TOTAL TTAC2506 ?<\/h3>\n<ul>\n<li><strong>Double piston 30mm<\/strong>\u00a0\u2014 compression rapide et efficace<\/li>\n<li><strong>120PSI (8 bar)<\/strong>\u00a0\u2014 puissance suffisante pour voitures, motos, v\u00e9los<\/li>\n<li><strong>Alimentation 12V \/ 18A<\/strong>\u00a0\u2014 branchement sur batterie v\u00e9hicule<\/li>\n<li><strong>Tuyau 5m<\/strong>\u00a0\u2014 adaptateur laiton \u00e0 d\u00e9gagement rapide<\/li>\n<li><strong>C\u00e2ble 3m avec clips batterie<\/strong>\u00a0\u2014 grande flexibilit\u00e9<\/li>\n<li><strong>3 LED int\u00e9gr\u00e9es<\/strong>\u00a0\u2014 utilisation de nuit et en urgence<\/li>\n<li><strong>Fonctionnement continu 15min<\/strong>\u00a0\u2014 usage rapide et efficace<\/li>\n<li><strong>Livr\u00e9 en sac toile<\/strong>\u00a0\u2014 transport et rangement facilit\u00e9s<\/li>\n<\/ul>\n","protected":false},"excerpt":{"rendered":"<h3>Caract\u00e9ristiques techniques<\/h3>\n<ul>\n<li><strong>Marque :<\/strong>\u00a0TOTAL<\/li>\n<li><strong>R\u00e9f\u00e9rence :<\/strong>\u00a0TTAC2506<\/li>\n<li><strong>Alimentation :<\/strong>\u00a012V DC<\/li>\n<li><strong>Courant nominal :<\/strong>\u00a018A<\/li>\n<li><strong>Pression max :<\/strong>\u00a0120 PSI (8 bar)<\/li>\n<li><strong>Cylindres :<\/strong>\u00a0Double piston \u00d830mm<\/li>\n<li><strong>Dur\u00e9e de travail :<\/strong>\u00a015 minutes en continu<\/li>\n<li><strong>Tuyau d\u2019air :<\/strong>\u00a05m avec adaptateur laiton<\/li>\n<li><strong>C\u00e2ble d\u2019alimentation :<\/strong>\u00a03m avec clips batterie<\/li>\n<li><strong>\u00c9clairage :<\/strong>\u00a03 LED int\u00e9gr\u00e9es<\/li>\n<li><strong>Man\u00f4m\u00e8tre :<\/strong>\u00a0Int\u00e9gr\u00e9 jusqu\u2019\u00e0 120 PSI<\/li>\n<li><strong>Emballage :<\/strong>\u00a0Bo\u00eete couleur + sac en toile<\/li>\n<li><strong>Origine :<\/strong>\u00a0Chine<\/li>\n<\/ul>\n","protected":false},"featured_media":528,"comment_status":"open","ping_status":"closed","template":"","meta":[],"product_brand":[],"product_cat":[31],"product_tag":[],"class_list":{"0":"post-527","1":"product","2":"type-product","3":"status-publish","4":"has-post-thumbnail","6":"product_cat-compresseur","8":"entry","9":"has-media","11":"first","12":"instock","13":"sale","14":"taxable","15":"shipping-taxable","16":"purchasable","17":"product-type-simple","18":"has-product-nav","19":"col","20":"span_1_of_3","21":"owp-content-center","22":"owp-thumbs-layout-horizontal","23":"owp-btn-normal","24":"owp-tabs-layout-horizontal","25":"has-no-thumbnails"},"aioseo_notices":[],"yoast_head":"<!-- This site is optimized with the Yoast SEO plugin v27.3 - https:\/\/yoast.com\/product\/yoast-seo-wordpress\/ -->\n<title>Compresseur d\u2019Air - CAD CAM ENGINEERING<\/title>\n<meta name=\"robots\" content=\"index, follow, max-snippet:-1, max-image-preview:large, max-video-preview:-1\" \/>\n<link rel=\"canonical\" href=\"https:\/\/cad-cam-engineering.tn\/index.php\/produit\/compresseur-dair\/\" \/>\n<meta property=\"og:locale\" content=\"fr_FR\" \/>\n<meta property=\"og:type\" content=\"article\" \/>\n<meta property=\"og:title\" content=\"Compresseur d\u2019Air - CAD CAM ENGINEERING\" \/>\n<meta property=\"og:description\" content=\"Caract\u00e9ristiques techniques   Marque :\u00a0TOTAL  R\u00e9f\u00e9rence :\u00a0TTAC2506  Alimentation :\u00a012V DC  Courant nominal :\u00a018A  Pression max :\u00a0120 PSI (8 bar)  Cylindres :\u00a0Double piston \u00d830mm  Dur\u00e9e de travail :\u00a015 minutes en continu  Tuyau d\u2019air :\u00a05m avec adaptateur laiton  C\u00e2ble d\u2019alimentation :\u00a03m avec clips batterie  \u00c9clairage :\u00a03 LED int\u00e9gr\u00e9es  Man\u00f4m\u00e8tre :\u00a0Int\u00e9gr\u00e9 jusqu\u2019\u00e0 120 PSI  Emballage :\u00a0Bo\u00eete couleur + sac en toile  Origine :\u00a0Chine\" \/>\n<meta property=\"og:url\" content=\"https:\/\/cad-cam-engineering.tn\/index.php\/produit\/compresseur-dair\/\" \/>\n<meta property=\"og:site_name\" content=\"CAD CAM ENGINEERING\" \/>\n<meta property=\"og:image\" content=\"http:\/\/cad-cam-engineering.tn\/wp-content\/uploads\/2026\/04\/11022-gallery-1.jpg\" \/>\n\t<meta property=\"og:image:width\" content=\"800\" \/>\n\t<meta property=\"og:image:height\" content=\"800\" \/>\n\t<meta property=\"og:image:type\" content=\"image\/jpeg\" \/>\n<meta name=\"twitter:card\" content=\"summary_large_image\" \/>\n<meta name=\"twitter:label1\" content=\"Dur\u00e9e de lecture estim\u00e9e\" \/>\n\t<meta name=\"twitter:data1\" content=\"1 minute\" \/>\n<script type=\"application\/ld+json\" class=\"yoast-schema-graph\">{\"@context\":\"https:\\\/\\\/schema.org\",\"@graph\":[{\"@type\":\"WebPage\",\"@id\":\"https:\\\/\\\/cad-cam-engineering.tn\\\/index.php\\\/produit\\\/compresseur-dair\\\/\",\"url\":\"https:\\\/\\\/cad-cam-engineering.tn\\\/index.php\\\/produit\\\/compresseur-dair\\\/\",\"name\":\"Compresseur d\u2019Air - CAD CAM ENGINEERING\",\"isPartOf\":{\"@id\":\"http:\\\/\\\/cad-cam-engineering.tn\\\/#website\"},\"primaryImageOfPage\":{\"@id\":\"https:\\\/\\\/cad-cam-engineering.tn\\\/index.php\\\/produit\\\/compresseur-dair\\\/#primaryimage\"},\"image\":{\"@id\":\"https:\\\/\\\/cad-cam-engineering.tn\\\/index.php\\\/produit\\\/compresseur-dair\\\/#primaryimage\"},\"thumbnailUrl\":\"https:\\\/\\\/cad-cam-engineering.tn\\\/wp-content\\\/uploads\\\/2026\\\/04\\\/11022-gallery-1.jpg\",\"datePublished\":\"2026-04-05T16:32:12+00:00\",\"breadcrumb\":{\"@id\":\"https:\\\/\\\/cad-cam-engineering.tn\\\/index.php\\\/produit\\\/compresseur-dair\\\/#breadcrumb\"},\"inLanguage\":\"fr-FR\",\"potentialAction\":[{\"@type\":\"ReadAction\",\"target\":[\"https:\\\/\\\/cad-cam-engineering.tn\\\/index.php\\\/produit\\\/compresseur-dair\\\/\"]}]},{\"@type\":\"ImageObject\",\"inLanguage\":\"fr-FR\",\"@id\":\"https:\\\/\\\/cad-cam-engineering.tn\\\/index.php\\\/produit\\\/compresseur-dair\\\/#primaryimage\",\"url\":\"https:\\\/\\\/cad-cam-engineering.tn\\\/wp-content\\\/uploads\\\/2026\\\/04\\\/11022-gallery-1.jpg\",\"contentUrl\":\"https:\\\/\\\/cad-cam-engineering.tn\\\/wp-content\\\/uploads\\\/2026\\\/04\\\/11022-gallery-1.jpg\",\"width\":800,\"height\":800},{\"@type\":\"BreadcrumbList\",\"@id\":\"https:\\\/\\\/cad-cam-engineering.tn\\\/index.php\\\/produit\\\/compresseur-dair\\\/#breadcrumb\",\"itemListElement\":[{\"@type\":\"ListItem\",\"position\":1,\"name\":\"Accueil\",\"item\":\"http:\\\/\\\/cad-cam-engineering.tn\\\/\"},{\"@type\":\"ListItem\",\"position\":2,\"name\":\"Boutique\",\"item\":\"https:\\\/\\\/cad-cam-engineering.tn\\\/index.php\\\/boutique\\\/\"},{\"@type\":\"ListItem\",\"position\":3,\"name\":\"Compresseur d\u2019Air\"}]},{\"@type\":\"WebSite\",\"@id\":\"http:\\\/\\\/cad-cam-engineering.tn\\\/#website\",\"url\":\"http:\\\/\\\/cad-cam-engineering.tn\\\/\",\"name\":\"CAD CAM ENGINEERING\",\"description\":\"\",\"publisher\":{\"@id\":\"http:\\\/\\\/cad-cam-engineering.tn\\\/#organization\"},\"potentialAction\":[{\"@type\":\"SearchAction\",\"target\":{\"@type\":\"EntryPoint\",\"urlTemplate\":\"http:\\\/\\\/cad-cam-engineering.tn\\\/?s={search_term_string}\"},\"query-input\":{\"@type\":\"PropertyValueSpecification\",\"valueRequired\":true,\"valueName\":\"search_term_string\"}}],\"inLanguage\":\"fr-FR\"},{\"@type\":\"Organization\",\"@id\":\"http:\\\/\\\/cad-cam-engineering.tn\\\/#organization\",\"name\":\"CAD CAM ENGINEERING\",\"url\":\"http:\\\/\\\/cad-cam-engineering.tn\\\/\",\"logo\":{\"@type\":\"ImageObject\",\"inLanguage\":\"fr-FR\",\"@id\":\"http:\\\/\\\/cad-cam-engineering.tn\\\/#\\\/schema\\\/logo\\\/image\\\/\",\"url\":\"https:\\\/\\\/cad-cam-engineering.tn\\\/wp-content\\\/uploads\\\/2026\\\/03\\\/logo-fb.png\",\"contentUrl\":\"https:\\\/\\\/cad-cam-engineering.tn\\\/wp-content\\\/uploads\\\/2026\\\/03\\\/logo-fb.png\",\"width\":450,\"height\":180,\"caption\":\"CAD CAM ENGINEERING\"},\"image\":{\"@id\":\"http:\\\/\\\/cad-cam-engineering.tn\\\/#\\\/schema\\\/logo\\\/image\\\/\"}}]}<\/script>\n<!-- \/ Yoast SEO plugin. -->","yoast_head_json":{"title":"Compresseur d\u2019Air - CAD CAM ENGINEERING","robots":{"index":"index","follow":"follow","max-snippet":"max-snippet:-1","max-image-preview":"max-image-preview:large","max-video-preview":"max-video-preview:-1"},"canonical":"https:\/\/cad-cam-engineering.tn\/index.php\/produit\/compresseur-dair\/","og_locale":"fr_FR","og_type":"article","og_title":"Compresseur d\u2019Air - CAD CAM ENGINEERING","og_description":"Caract\u00e9ristiques techniques   Marque :\u00a0TOTAL  R\u00e9f\u00e9rence :\u00a0TTAC2506  Alimentation :\u00a012V DC  Courant nominal :\u00a018A  Pression max :\u00a0120 PSI (8 bar)  Cylindres :\u00a0Double piston \u00d830mm  Dur\u00e9e de travail :\u00a015 minutes en continu  Tuyau d\u2019air :\u00a05m avec adaptateur laiton  C\u00e2ble d\u2019alimentation :\u00a03m avec clips batterie  \u00c9clairage :\u00a03 LED int\u00e9gr\u00e9es  Man\u00f4m\u00e8tre :\u00a0Int\u00e9gr\u00e9 jusqu\u2019\u00e0 120 PSI  Emballage :\u00a0Bo\u00eete couleur + sac en toile  Origine :\u00a0Chine","og_url":"https:\/\/cad-cam-engineering.tn\/index.php\/produit\/compresseur-dair\/","og_site_name":"CAD CAM ENGINEERING","og_image":[{"width":800,"height":800,"url":"http:\/\/cad-cam-engineering.tn\/wp-content\/uploads\/2026\/04\/11022-gallery-1.jpg","type":"image\/jpeg"}],"twitter_card":"summary_large_image","twitter_misc":{"Dur\u00e9e de lecture estim\u00e9e":"1 minute"},"schema":{"@context":"https:\/\/schema.org","@graph":[{"@type":"WebPage","@id":"https:\/\/cad-cam-engineering.tn\/index.php\/produit\/compresseur-dair\/","url":"https:\/\/cad-cam-engineering.tn\/index.php\/produit\/compresseur-dair\/","name":"Compresseur d\u2019Air - CAD CAM ENGINEERING","isPartOf":{"@id":"http:\/\/cad-cam-engineering.tn\/#website"},"primaryImageOfPage":{"@id":"https:\/\/cad-cam-engineering.tn\/index.php\/produit\/compresseur-dair\/#primaryimage"},"image":{"@id":"https:\/\/cad-cam-engineering.tn\/index.php\/produit\/compresseur-dair\/#primaryimage"},"thumbnailUrl":"https:\/\/cad-cam-engineering.tn\/wp-content\/uploads\/2026\/04\/11022-gallery-1.jpg","datePublished":"2026-04-05T16:32:12+00:00","breadcrumb":{"@id":"https:\/\/cad-cam-engineering.tn\/index.php\/produit\/compresseur-dair\/#breadcrumb"},"inLanguage":"fr-FR","potentialAction":[{"@type":"ReadAction","target":["https:\/\/cad-cam-engineering.tn\/index.php\/produit\/compresseur-dair\/"]}]},{"@type":"ImageObject","inLanguage":"fr-FR","@id":"https:\/\/cad-cam-engineering.tn\/index.php\/produit\/compresseur-dair\/#primaryimage","url":"https:\/\/cad-cam-engineering.tn\/wp-content\/uploads\/2026\/04\/11022-gallery-1.jpg","contentUrl":"https:\/\/cad-cam-engineering.tn\/wp-content\/uploads\/2026\/04\/11022-gallery-1.jpg","width":800,"height":800},{"@type":"BreadcrumbList","@id":"https:\/\/cad-cam-engineering.tn\/index.php\/produit\/compresseur-dair\/#breadcrumb","itemListElement":[{"@type":"ListItem","position":1,"name":"Accueil","item":"http:\/\/cad-cam-engineering.tn\/"},{"@type":"ListItem","position":2,"name":"Boutique","item":"https:\/\/cad-cam-engineering.tn\/index.php\/boutique\/"},{"@type":"ListItem","position":3,"name":"Compresseur d\u2019Air"}]},{"@type":"WebSite","@id":"http:\/\/cad-cam-engineering.tn\/#website","url":"http:\/\/cad-cam-engineering.tn\/","name":"CAD CAM ENGINEERING","description":"","publisher":{"@id":"http:\/\/cad-cam-engineering.tn\/#organization"},"potentialAction":[{"@type":"SearchAction","target":{"@type":"EntryPoint","urlTemplate":"http:\/\/cad-cam-engineering.tn\/?s={search_term_string}"},"query-input":{"@type":"PropertyValueSpecification","valueRequired":true,"valueName":"search_term_string"}}],"inLanguage":"fr-FR"},{"@type":"Organization","@id":"http:\/\/cad-cam-engineering.tn\/#organization","name":"CAD CAM ENGINEERING","url":"http:\/\/cad-cam-engineering.tn\/","logo":{"@type":"ImageObject","inLanguage":"fr-FR","@id":"http:\/\/cad-cam-engineering.tn\/#\/schema\/logo\/image\/","url":"https:\/\/cad-cam-engineering.tn\/wp-content\/uploads\/2026\/03\/logo-fb.png","contentUrl":"https:\/\/cad-cam-engineering.tn\/wp-content\/uploads\/2026\/03\/logo-fb.png","width":450,"height":180,"caption":"CAD CAM ENGINEERING"},"image":{"@id":"http:\/\/cad-cam-engineering.tn\/#\/schema\/logo\/image\/"}}]}},"jetpack_sharing_enabled":true,"_links":{"self":[{"href":"https:\/\/cad-cam-engineering.tn\/index.php\/wp-json\/wp\/v2\/product\/527","targetHints":{"allow":["GET"]}}],"collection":[{"href":"https:\/\/cad-cam-engineering.tn\/index.php\/wp-json\/wp\/v2\/product"}],"about":[{"href":"https:\/\/cad-cam-engineering.tn\/index.php\/wp-json\/wp\/v2\/types\/product"}],"replies":[{"embeddable":true,"href":"https:\/\/cad-cam-engineering.tn\/index.php\/wp-json\/wp\/v2\/comments?post=527"}],"wp:featuredmedia":[{"embeddable":true,"href":"https:\/\/cad-cam-engineering.tn\/index.php\/wp-json\/wp\/v2\/media\/528"}],"wp:attachment":[{"href":"https:\/\/cad-cam-engineering.tn\/index.php\/wp-json\/wp\/v2\/media?parent=527"}],"wp:term":[{"taxonomy":"product_brand","embeddable":true,"href":"https:\/\/cad-cam-engineering.tn\/index.php\/wp-json\/wp\/v2\/product_brand?post=527"},{"taxonomy":"product_cat","embeddable":true,"href":"https:\/\/cad-cam-engineering.tn\/index.php\/wp-json\/wp\/v2\/product_cat?post=527"},{"taxonomy":"product_tag","embeddable":true,"href":"https:\/\/cad-cam-engineering.tn\/index.php\/wp-json\/wp\/v2\/product_tag?post=527"}],"curies":[{"name":"wp","href":"https:\/\/api.w.org\/{rel}","templated":true}]}}